{"id":89,"date":"2023-04-05T18:52:48","date_gmt":"2023-04-05T21:52:48","guid":{"rendered":"https:\/\/rukalauken.cl\/?page_id=89"},"modified":"2024-01-23T13:51:08","modified_gmt":"2024-01-23T16:51:08","slug":"servicios","status":"publish","type":"page","link":"https:\/\/rukalauken.cl\/index.php\/servicios\/","title":{"rendered":"Servicios"},"content":{"rendered":"<div class=\"wp-block-image\">\n<figure class=\"alignright size-large is-resized\"><img loading=\"lazy\" decoding=\"async\" width=\"1024\" height=\"768\" src=\"https:\/\/rukalauken.cl\/wp-content\/uploads\/2023\/05\/IMG_0192-1024x768.jpeg\" alt=\"\" class=\"wp-image-212\" style=\"width:333px;height:250px\" srcset=\"https:\/\/rukalauken.cl\/wp-content\/uploads\/2023\/05\/IMG_0192-1024x768.jpeg 1024w, https:\/\/rukalauken.cl\/wp-content\/uploads\/2023\/05\/IMG_0192-300x225.jpeg 300w, https:\/\/rukalauken.cl\/wp-content\/uploads\/2023\/05\/IMG_0192-768x576.jpeg 768w, https:\/\/rukalauken.cl\/wp-content\/uploads\/2023\/05\/IMG_0192-1536x1152.jpeg 1536w, https:\/\/rukalauken.cl\/wp-content\/uploads\/2023\/05\/IMG_0192-2048x1536.jpeg 2048w, https:\/\/rukalauken.cl\/wp-content\/uploads\/2023\/05\/IMG_0192-600x450.jpeg 600w\" sizes=\"auto, (max-width: 1024px) 100vw, 1024px\" \/><\/figure>\n<\/div>\n\n<p>\u00a1Bienvenido a Rukalauken, el lugar perfecto para unas vacaciones relajantes y llenas de aventuras en Los Molles! Nuestras caba\u00f1as est\u00e1n ubicadas en un hermoso paisaje natural de la costa del Pac\u00edfico en Chile, donde podr\u00e1s disfrutar de la tranquilidad de la naturaleza y la comodidad de nuestras caba\u00f1as de primera calidad.<\/p>\n<p>Cada una de nuestras caba\u00f1as ha sido dise\u00f1ada para ofrecer una experiencia \u00fanica de confort y comodidad. Todas est\u00e1n equipadas con una cocina completa, sala de estar y comedor, ba\u00f1o privado, calefacci\u00f3n y una hermosa terraza con vistas al oc\u00e9ano.\u00a0<\/p>\n<p>Si est\u00e1s buscando una escapada rom\u00e1ntica, un viaje en familia o simplemente un descanso del ajetreo de la ciudad, Rukalauken es el lugar ideal para ti. \u00a1No esperes m\u00e1s y reserva ahora tu caba\u00f1a en Los Molles para una experiencia \u00fanica en la naturaleza!<\/p>\n<ul>\n<li>Estacionamientos<\/li>\n<li>Habitaciones con Closet<\/li>\n<li>Quincho para Asados<\/li>\n<li>Televisi\u00f3n Satelital (Direct TV)<\/li>\n<li>Wi-Fi en cada Caba\u00f1a<\/li>\n<li>C\u00e1maras de Seguridad<\/li>\n<\/ul>","protected":false},"excerpt":{"rendered":"<p>\u00a1Bienvenido a Rukalauken, el lugar perfecto para unas vacaciones relajantes y llenas de aventuras en Los Molles! Nuestras caba\u00f1as est\u00e1n ubicadas en un hermoso paisaje natural de la costa del Pac\u00edfico en Chile, donde podr\u00e1s disfrutar de la tranquilidad de la naturaleza y la comodidad de nuestras caba\u00f1as de primera calidad. Cada una de nuestras [&hellip;]<\/p>\n","protected":false},"author":1,"featured_media":0,"parent":0,"menu_order":0,"comment_status":"closed","ping_status":"closed","template":"","meta":{"footnotes":""},"class_list":["post-89","page","type-page","status-publish","hentry","post"],"_links":{"self":[{"href":"https:\/\/rukalauken.cl\/index.php\/wp-json\/wp\/v2\/pages\/89","targetHints":{"allow":["GET"]}}],"collection":[{"href":"https:\/\/rukalauken.cl\/index.php\/wp-json\/wp\/v2\/pages"}],"about":[{"href":"https:\/\/rukalauken.cl\/index.php\/wp-json\/wp\/v2\/types\/page"}],"author":[{"embeddable":true,"href":"https:\/\/rukalauken.cl\/index.php\/wp-json\/wp\/v2\/users\/1"}],"replies":[{"embeddable":true,"href":"https:\/\/rukalauken.cl\/index.php\/wp-json\/wp\/v2\/comments?post=89"}],"version-history":[{"count":6,"href":"https:\/\/rukalauken.cl\/index.php\/wp-json\/wp\/v2\/pages\/89\/revisions"}],"predecessor-version":[{"id":343,"href":"https:\/\/rukalauken.cl\/index.php\/wp-json\/wp\/v2\/pages\/89\/revisions\/343"}],"wp:attachment":[{"href":"https:\/\/rukalauken.cl\/index.php\/wp-json\/wp\/v2\/media?parent=89"}],"curies":[{"name":"wp","href":"https:\/\/api.w.org\/{rel}","templated":true}]}}