{"id":32,"date":"2023-04-05T16:43:15","date_gmt":"2023-04-05T19:43:15","guid":{"rendered":"https:\/\/rukalauken.cl\/index.php\/pagina-de-inicio\/"},"modified":"2024-01-23T13:38:54","modified_gmt":"2024-01-23T16:38:54","slug":"pagina-de-inicio","status":"publish","type":"page","link":"https:\/\/rukalauken.cl\/","title":{"rendered":"P\u00e1gina de inicio"},"content":{"rendered":"<div id=\"pl-32\"  class=\"panel-layout\" ><div id=\"pg-32-0\"  class=\"panel-grid panel-no-style\" ><div id=\"pgc-32-0-0\"  class=\"panel-grid-cell\" ><div id=\"panel-32-0-0-0\" class=\"so-panel widget widget_sow-editor panel-first-child panel-last-child\" data-index=\"0\" ><div\n\t\t\t\n\t\t\tclass=\"so-widget-sow-editor so-widget-sow-editor-base\"\n\t\t\t\n\t\t><h3 class=\"widget-title\">\u00a1Bienvenido a Los Molles!<\/h3>\n<div class=\"siteorigin-widget-tinymce textwidget\">\n\t<p>Un destino tur\u00edstico encantador en la regi\u00f3n de Valpara\u00edso en Chile! Situado en la costa del Pac\u00edfico, este peque\u00f1o pueblo costero es conocido por sus playas de arena blanca, aguas cristalinas y su ambiente tranquilo y relajado.<\/p>\n<p>Una de las principales atracciones de Los Molles es su hermosa playa de 1 kil\u00f3metro de longitud, perfecta para tomar el sol, nadar y disfrutar de actividades acu\u00e1ticas como el surf y el bodyboard. Adem\u00e1s, la playa cuenta con varios restaurantes y bares donde se puede disfrutar de la gastronom\u00eda local mientras se admira la vista al mar.<\/p>\n<p>Otro lugar interesante para visitar en Los Molles es la Reserva El Puqu\u00e9n, un impresionante parque natural que alberga una gran variedad de flora y fauna aut\u00f3ctonas, as\u00ed como tambi\u00e9n paisajes monta\u00f1osos y glaciares que sorprenden a todos los visitantes.<\/p>\n<p>Adem\u00e1s, en Los Molles se pueden encontrar diversos servicios tur\u00edsticos como alojamiento en caba\u00f1as, camping, tours en bicicleta, pesca deportiva y paseos en bote. Todo esto hace de Los Molles un destino ideal para aquellos que buscan una escapada de la ciudad y disfrutar de la naturaleza.<\/p>\n<p>&nbsp;<\/p>\n<\/div>\n<\/div><\/div><\/div><\/div><div id=\"pg-32-1\"  class=\"panel-grid panel-no-style\" ><div id=\"pgc-32-1-0\"  class=\"panel-grid-cell\" ><div id=\"panel-32-1-0-0\" class=\"so-panel widget widget_circleicon-widget panel-first-child panel-last-child\" data-index=\"1\" >\t\t<div class=\"circle-icon-box circle-icon-position-top circle-icon-hide-box circle-icon-size-small \">\n\t\t\t\t\t\t\t<div class=\"circle-icon-wrapper\">\n\t\t\t\t\t\t\t\t\t\t<div class=\"circle-icon icon-style-set\" style=\"background-color: #ee721d\">\n\t\t\t\t\t\t\t\t\t\t\t\t\t<div class=\"fa fa-pencil-square-o\" ><\/div>\n\t\t\t\t\t\t\t\t\t\t\t<\/div> \n\t\t\t\t\t\t\t\t\t<\/div>\n\t\t\t\n\t\t\t\t\t\t\t\t\t\t<h4 >\n\t\t\t\t\tReservas\t\t\t\t<\/h4>\n\t\t\t\t\t\t\n\t\t\t\t\t\t\t<p class=\"text\" >Si est\u00e1s buscando una escapada tranquila en medio de la naturaleza, rodeado de impresionantes paisajes y comodidades modernas, \u00a1Rukalauken es la caba\u00f1a perfecta para ti!<\/p>\n\t\t\t\t\t\t\t\t\t\t<a href=\"https:\/\/rukalauken.cl\/index.php\/tienda\/\" class=\"more-button\" >Reservar <i><\/i><\/a>\n\t\t\t\t\t<\/div>\n\t\t<\/div><\/div><div id=\"pgc-32-1-1\"  class=\"panel-grid-cell\" ><div id=\"panel-32-1-1-0\" class=\"so-panel widget widget_circleicon-widget panel-first-child panel-last-child\" data-index=\"2\" >\t\t<div class=\"circle-icon-box circle-icon-position-top circle-icon-hide-box circle-icon-size-small \">\n\t\t\t\t\t\t\t<div class=\"circle-icon-wrapper\">\n\t\t\t\t\t\t\t\t\t\t<div class=\"circle-icon icon-style-set\" style=\"background-color: #ee721d\">\n\t\t\t\t\t\t\t\t\t\t\t\t\t<div class=\"fa fa-hotel\" ><\/div>\n\t\t\t\t\t\t\t\t\t\t\t<\/div> \n\t\t\t\t\t\t\t\t\t<\/div>\n\t\t\t\n\t\t\t\t\t\t\t\t\t\t<h4 >\n\t\t\t\t\tServicios\t\t\t\t<\/h4>\n\t\t\t\t\t\t\n\t\t\t\t\t\t\t<p class=\"text\" >Cada una de nuestras caba\u00f1as ha sido dise\u00f1ada para ofrecer una experiencia \u00fanica de confort y comodidad. Todas est\u00e1n equipadas con una cocina completa, sala de estar y comedor, ba\u00f1o privado, calefacci\u00f3n y una hermosa terraza con vistas al oc\u00e9ano. <\/p>\n\t\t\t\t\t\t\t\t\t\t<a href=\"https:\/\/rukalauken.cl\/index.php\/servicios\/\" class=\"more-button\" >Ver servicios <i><\/i><\/a>\n\t\t\t\t\t<\/div>\n\t\t<\/div><\/div><div id=\"pgc-32-1-2\"  class=\"panel-grid-cell\" ><div id=\"panel-32-1-2-0\" class=\"so-panel widget widget_circleicon-widget panel-first-child panel-last-child\" data-index=\"3\" >\t\t<div class=\"circle-icon-box circle-icon-position-top circle-icon-hide-box circle-icon-size-small \">\n\t\t\t\t\t\t\t<div class=\"circle-icon-wrapper\">\n\t\t\t\t\t\t\t\t\t\t<div class=\"circle-icon icon-style-set\" style=\"background-image: url(https:\/\/rukalauken.cl\/index.php\/galeria\/?preview=true);background-color: #ee721d\">\n\t\t\t\t\t\t\t\t\t\t\t\t\t<div class=\"fa fa-photo\" ><\/div>\n\t\t\t\t\t\t\t\t\t\t\t<\/div> \n\t\t\t\t\t\t\t\t\t<\/div>\n\t\t\t\n\t\t\t\t\t\t\t\t\t\t<h4 >\n\t\t\t\t\tGaleria\t\t\t\t<\/h4>\n\t\t\t\t\t\t\n\t\t\t\t\t\t\t<p class=\"text\" >Los Molles es un lugar maravilloso para visitar en la regi\u00f3n de Valpara\u00edso en Chile. Con sus playas de ensue\u00f1o, hermosos paisajes naturales y servicios tur\u00edsticos de alta calidad, es el destino perfecto para disfrutar de unas vacaciones inolvidables en la costa del Pac\u00edfico. \u00a1Te esperamos!<\/p>\n\t\t\t\t\t\t\t\t\t\t<a href=\"https:\/\/rukalauken.cl\/index.php\/galeria\/\" class=\"more-button\" >Ir a galer\u00eda  <i><\/i><\/a>\n\t\t\t\t\t<\/div>\n\t\t<\/div><\/div><\/div><div id=\"pg-32-2\"  class=\"panel-grid panel-has-style\" ><div class=\"panel-row-style panel-row-style-for-32-2\" ><div id=\"pgc-32-2-0\"  class=\"panel-grid-cell\" ><div id=\"panel-32-2-0-0\" class=\"so-panel widget widget_headline-widget panel-first-child\" data-index=\"4\" ><div class=\"panel-widget-style panel-widget-style-for-32-2-0-0\" >\t\t<h1>Contacto<\/h1>\n\t\t<div class=\"decoration\"><div class=\"decoration-inside\"><\/div><\/div>\n\t\t<h3><\/h3>\n\t\t<\/div><\/div><div id=\"panel-32-2-0-1\" class=\"widget_text so-panel widget widget_custom_html\" data-index=\"5\" ><div class=\"widget_text panel-widget-style panel-widget-style-for-32-2-0-1\" ><div class=\"textwidget custom-html-widget\"><iframe src=\"https:\/\/www.google.com\/maps\/embed?pb=!1m18!1m12!1m3!1d3374.9011542482617!2d-71.51390524820674!3d-32.23382788104687!2m3!1f0!2f0!3f0!3m2!1i1024!2i768!4f13.1!3m3!1m2!1s0x96890d88651dc97d%3A0xd12fc23d85f5087c!2sAv.%20Los%20Pescadores%20541%2C%20Los%20Molles%2C%20La%20Ligua%2C%20Valpara%C3%ADso!5e0!3m2!1ses-419!2scl!4v1680735452941!5m2!1ses-419!2scl\" width=\"100%\" height=\"450\" style=\"border:0;\" allowfullscreen=\"\" loading=\"lazy\" referrerpolicy=\"no-referrer-when-downgrade\"><\/iframe><\/div><\/div><\/div><div id=\"panel-32-2-0-2\" class=\"so-panel widget widget_sow-editor panel-last-child\" data-index=\"6\" ><div\n\t\t\t\n\t\t\tclass=\"so-widget-sow-editor so-widget-sow-editor-base\"\n\t\t\t\n\t\t>\n<div class=\"siteorigin-widget-tinymce textwidget\">\n\t<p style=\"text-align: center;\">Avenida Los Pescadores 571, Los Molles, regi\u00f3n de Valpara\u00edso, Chile<\/p>\n<p style=\"text-align: center;\">Fono: \u202d+56 9 9789 8085\u202c<\/p>\n<p style=\"text-align: center;\">Mail: contacto@rukalauken.cl<\/p>\n<\/div>\n<\/div><\/div><\/div><\/div><\/div><div id=\"pg-32-3\"  class=\"panel-grid panel-no-style\" ><div id=\"pgc-32-3-0\"  class=\"panel-grid-cell\" ><div id=\"panel-32-3-0-0\" class=\"so-panel widget widget_sow-editor panel-first-child panel-last-child\" data-index=\"7\" ><div\n\t\t\t\n\t\t\tclass=\"so-widget-sow-editor so-widget-sow-editor-base\"\n\t\t\t\n\t\t>\n<div class=\"siteorigin-widget-tinymce textwidget\">\n\t<p><a href=\"https:\/\/turismolosmolles.cl\"><img loading=\"lazy\" decoding=\"async\" class=\"alignnone  wp-image-304 aligncenter\" src=\"https:\/\/rukalauken.cl\/wp-content\/uploads\/2023\/09\/Icon_losMolles-300x300.png\" alt=\"\" width=\"191\" height=\"191\" srcset=\"https:\/\/rukalauken.cl\/wp-content\/uploads\/2023\/09\/Icon_losMolles-300x300.png 300w, https:\/\/rukalauken.cl\/wp-content\/uploads\/2023\/09\/Icon_losMolles-150x150.png 150w, https:\/\/rukalauken.cl\/wp-content\/uploads\/2023\/09\/Icon_losMolles-100x100.png 100w, https:\/\/rukalauken.cl\/wp-content\/uploads\/2023\/09\/Icon_losMolles.png 512w\" sizes=\"auto, (max-width: 191px) 100vw, 191px\" \/><\/a><\/p>\n<\/div>\n<\/div><\/div><\/div><\/div><\/div>","protected":false},"excerpt":{"rendered":"<p>Un destino tur\u00edstico encantador en la regi\u00f3n de Valpara\u00edso en Chile! Situado en la costa del Pac\u00edfico, este peque\u00f1o pueblo costero es conocido por sus playas de arena blanca, aguas cristalinas y su ambiente tranquilo y relajado. Una de las principales atracciones de Los Molles es su hermosa playa de 1 kil\u00f3metro de longitud, perfecta [&hellip;]<\/p>\n","protected":false},"author":1,"featured_media":0,"parent":0,"menu_order":0,"comment_status":"closed","ping_status":"closed","template":"home-panels.php","meta":{"footnotes":""},"class_list":["post-32","page","type-page","status-publish","hentry","post"],"_links":{"self":[{"href":"https:\/\/rukalauken.cl\/index.php\/wp-json\/wp\/v2\/pages\/32","targetHints":{"allow":["GET"]}}],"collection":[{"href":"https:\/\/rukalauken.cl\/index.php\/wp-json\/wp\/v2\/pages"}],"about":[{"href":"https:\/\/rukalauken.cl\/index.php\/wp-json\/wp\/v2\/types\/page"}],"author":[{"embeddable":true,"href":"https:\/\/rukalauken.cl\/index.php\/wp-json\/wp\/v2\/users\/1"}],"replies":[{"embeddable":true,"href":"https:\/\/rukalauken.cl\/index.php\/wp-json\/wp\/v2\/comments?post=32"}],"version-history":[{"count":1,"href":"https:\/\/rukalauken.cl\/index.php\/wp-json\/wp\/v2\/pages\/32\/revisions"}],"predecessor-version":[{"id":50,"href":"https:\/\/rukalauken.cl\/index.php\/wp-json\/wp\/v2\/pages\/32\/revisions\/50"}],"wp:attachment":[{"href":"https:\/\/rukalauken.cl\/index.php\/wp-json\/wp\/v2\/media?parent=32"}],"curies":[{"name":"wp","href":"https:\/\/api.w.org\/{rel}","templated":true}]}}